{"id":153,"date":"2016-11-02T02:06:22","date_gmt":"2016-11-02T01:06:22","guid":{"rendered":"http:\/\/elston:8888\/?page_id=153"},"modified":"2023-04-11T09:33:48","modified_gmt":"2023-04-11T07:33:48","slug":"services","status":"publish","type":"page","link":"http:\/\/design.nur-mut.com\/?page_id=153","title":{"rendered":"Nur Mut"},"content":{"rendered":"<section class=\"wpb-content-wrapper\"><p>[vc_row][vc_column]\n    <div class=\"about-wrapper \">\n            <div class=\"col-md-6\">\n        <div class=\"about-picture\" style=\"background-image: url(http:\/\/design.nur-mut.com\/wp-content\/uploads\/2019\/07\/Website_AboutPicture_4.jpg);\"><\/div>\n      <\/div>\n            <div class=\"col-md-6\">\n        <div class=\"elstn-table-container\">\n          <div class=\"elstn-align-container\">\n            <div class=\"about-text\">\n              <div class=\"elstn-heading-wrap\">\n              <h1 class=\"elstn-heading\">Hannes Schulze<\/h1>\n              <span class=\"elstn-sub-heading\">Kommunikationsdesigner B.A.<\/span>\n              <\/div>\n              Nachdem ich ein Jahr lang im isl\u00e4ndischen Norden K\u00fche versorgt, Z\u00e4une gebaut und zu Pferd Schafe zusammengetrieben hatte, bin ich im April 2007 zu dem Entschluss gekommen, Kommunikationsdesign zu studieren.<\/p>\n<p>Kreative L\u00f6sungen f\u00fcr komplexe Problemstellungen zu finden, hat mir nicht nur auf der Farm in Island gro\u00dfe Freude bereitet. Der Prozess der Ideenfindung, und der Weiterentwicklung jener Ideen zu einer optimalen L\u00f6sung, haben mich von jeher fasziniert.<\/p>\n<p>Heute empfinde ich die gr\u00f6\u00dfte Gestaltungsfreude beim Layouten von <strong>B\u00fcchern<\/strong> und <strong>Magazinen,<\/strong> bei der Entwicklung von <strong>Firmenlogos<\/strong> oder der Kreation von <strong>Informationsgrafiken.<\/strong><\/p>\n<p>In den letzten zehn Jahren habe ich mich auf diese Themen spezialisiert. Je komplexer das Projekt, umso gr\u00f6\u00dfer mein Ehrgeiz, nicht nur ein gutes Design zu schaffen, sondern dabei auch die technischen M\u00f6glichkeiten der Software voll auszureizen.<span class=\"Apple-converted-space\">\u00a0<\/span><\/p>\n<p>Ein sich automatisch aktualisierendes Inhaltsverzeichnis auf Basis von <strong>Absatzformaten?<\/strong> Check! \u2013 Die Generierung von Bildnachweisen durch das Extrahieren von <strong>Metadaten<\/strong> aus Bilddateien? Kein Problem! \u2013 Automatisierte Textformatierungen mit Hilfe von <strong>GREP?<\/strong> Sowieso!<\/p>\n<p>Sauber ausgestaltete Layouts und klar strukturierte Arbeitsdateien sind genau mein Ding!                          <\/div>\n          <\/div>\n        <\/div>\n      <\/div>\n          <\/div>\n\n    [\/vc_column][\/vc_row][vc_row css=&#8220;.vc_custom_1562058807494{margin-top: 50px !important;background-color: #ffffff !important;}&#8220;][vc_column width=&#8220;1\/6&#8243;][\/vc_column][vc_column width=&#8220;2\/3&#8243;][vc_separator][vc_column_text]<\/p>\n<h2 style=\"text-align: center;\">Referenzen<\/h2>\n<p>[\/vc_column_text][vc_media_grid element_width=&#8220;3&#8243; gap=&#8220;35&#8243; grid_id=&#8220;vc_gid:1681198351435-378c308d-a3bf-5&#8243; include=&#8220;2338,1910,1859,1860,1861,2317,1874,1862,2339,1863,1864,1865,1866,2234,1867,1868,1869,1870,2235,2340,2341,1871,1911,1872&#8243;][\/vc_column][vc_column width=&#8220;1\/6&#8243;][\/vc_column][\/vc_row]<\/p>\n<\/section>","protected":false},"excerpt":{"rendered":"[vc_row][vc_column][\/vc_column][\/vc_row][vc_row css=&#8220;.vc_custom_1562058807494{margin-top: 50px !important;background-color: #ffffff !important;}&#8220;][vc_column width=&#8220;1\/6&#8243;][\/vc_column][vc_column width=&#8220;2\/3&#8243;][vc_separator][vc_column_text] Referenzen [\/vc_column_text][vc_media_grid element_width=&#8220;3&#8243; gap=&#8220;35&#8243; grid_id=&#8220;vc_gid:1681198351435-378c308d-a3bf-5&#8243; include=&#8220;2338,1910,1859,1860,1861,2317,1874,1862,2339,1863,1864,1865,1866,2234,1867,1868,1869,1870,2235,2340,2341,1871,1911,1872&#8243;][\/vc_column][vc_column width=&#8220;1\/6&#8243;][\/vc_column][\/vc_row]","protected":false},"author":1,"featured_media":0,"parent":0,"menu_order":0,"comment_status":"closed","ping_status":"closed","template":"","meta":{"footnotes":""},"class_list":["post-153","page","type-page","status-publish","hentry"],"_links":{"self":[{"href":"http:\/\/design.nur-mut.com\/index.php?rest_route=\/wp\/v2\/pages\/153","targetHints":{"allow":["GET"]}}],"collection":[{"href":"http:\/\/design.nur-mut.com\/index.php?rest_route=\/wp\/v2\/pages"}],"about":[{"href":"http:\/\/design.nur-mut.com\/index.php?rest_route=\/wp\/v2\/types\/page"}],"author":[{"embeddable":true,"href":"http:\/\/design.nur-mut.com\/index.php?rest_route=\/wp\/v2\/users\/1"}],"replies":[{"embeddable":true,"href":"http:\/\/design.nur-mut.com\/index.php?rest_route=%2Fwp%2Fv2%2Fcomments&post=153"}],"version-history":[{"count":62,"href":"http:\/\/design.nur-mut.com\/index.php?rest_route=\/wp\/v2\/pages\/153\/revisions"}],"predecessor-version":[{"id":2520,"href":"http:\/\/design.nur-mut.com\/index.php?rest_route=\/wp\/v2\/pages\/153\/revisions\/2520"}],"wp:attachment":[{"href":"http:\/\/design.nur-mut.com\/index.php?rest_route=%2Fwp%2Fv2%2Fmedia&parent=153"}],"curies":[{"name":"wp","href":"https:\/\/api.w.org\/{rel}","templated":true}]}}