{"id":1536,"date":"2019-03-02T12:28:08","date_gmt":"2019-03-02T11:28:08","guid":{"rendered":"http:\/\/design.nur-mut.com\/?page_id=1536"},"modified":"2021-12-18T12:00:38","modified_gmt":"2021-12-18T11:00:38","slug":"datenschutz","status":"publish","type":"page","link":"http:\/\/design.nur-mut.com\/?page_id=1536","title":{"rendered":"Datenschutz"},"content":{"rendered":"<section class=\"wpb-content-wrapper\"><p>[vc_row][vc_column width=&#8220;1\/6&#8243;][\/vc_column][vc_column width=&#8220;2\/3&#8243;][vc_column_text]<\/p>\n<h5 style=\"text-align: left;\"><strong><span style=\"font-size: 14px;\">Verantwortlicher<\/span><\/strong><\/h5>\n<p style=\"text-align: left;\"><span style=\"font-size: 14px;\">Verantwortlicher f\u00fcr die Erhebung, Verarbeitung und Nutzung Ihrer personenbezogenen Daten im Sinne von Art. 4 Nr. 7 DSGVO ist<\/span><\/p>\n<p style=\"padding-left: 40px; text-align: left;\"><span style=\"font-size: 14px;\">Nur Mut \u2013 Visuelle Kommunikation<\/span><br \/>\n<span style=\"font-size: 14px;\">Hannes Schulze<\/span><br \/>\n<span style=\"font-size: 14px;\">Buckower Dorfstra\u00dfe 33<\/span><br \/>\n<span style=\"font-size: 14px;\">14715 Nennhausen OT Buckow<\/span><br \/>\n<span style=\"font-size: 14px;\">Mobil: +(49) 174 18 23 079<\/span><br \/>\n<span style=\"font-size: 14px;\">E-Mail: <a href=\"mailto:hannes@nur-mut.com\">hannes@nur-mut.com<\/a><\/span><\/p>\n<p style=\"text-align: left;\"><span style=\"font-size: 14px;\">Sofern Sie der Erhebung, Verarbeitung oder Nutzung Ihrer Daten durch mich nach Ma\u00dfgabe dieser Datenschutzbestimmungen insgesamt oder f\u00fcr einzelne Ma\u00dfnahmen widersprechen wollen, k\u00f6nnen Sie Ihren Widerspruch an den Verantwortlichen richten. Sie k\u00f6nnen diese Datenschutzerkl\u00e4rung jederzeit speichern und ausdrucken.<\/span><\/p>\n<h5 style=\"text-align: left;\"><strong><span style=\"font-size: 14px;\">Datenschutzerkl\u00e4rung<\/span><\/strong><\/h5>\n<p style=\"text-align: left;\"><span style=\"font-size: 14px;\">Der Schutz Ihrer personenbezogenen Daten ist mir ein wichtiges Anliegen. Nachfolgend informiere ich Sie \u00fcber die Art, den Umfang und die Zwecke der Erhebung und Verwendung personenbezogener Daten auf meiner Homepage. Bei Fragen zu dieser Datenschutzerkl\u00e4rung oder sonstigen Fragen zum Datenschutz im Zusammenhang mit meinem Internetauftritt (wie z.B. Auskunft, \u00c4nderung oder L\u00f6schung von Daten usw.) wenden Sie sich bitte an:<\/span><\/p>\n<p style=\"padding-left: 40px; text-align: left;\"><span style=\"font-size: 14px;\">Nur Mut \u2013 Visuelle Kommunikation<\/span><br \/>\n<span style=\"font-size: 14px;\">Hannes Schulze<\/span><br \/>\n<span style=\"font-size: 14px;\">Buckower Dorfstra\u00dfe 33<\/span><br \/>\n<span style=\"font-size: 14px;\">14715 Nennhausen OT Buckow<\/span><br \/>\n<span style=\"font-size: 14px;\">Mobil: +(49) 174 18 23 079<\/span><br \/>\n<span style=\"font-size: 14px;\">E-Mail: <a href=\"mailto:hannes@nur-mut.com\">hannes@nur-mut.com<\/a><\/span><\/p>\n<h5 style=\"text-align: left;\"><strong><span style=\"font-size: 14px;\">Daten\u00fcbermittlung und Protokollierung<\/span><\/strong><\/h5>\n<p style=\"text-align: left;\"><span style=\"font-size: 14px;\">Der Besuch meiner Webseite erfolgt grunds\u00e4tzlich ohne dass Sie personenbezogene Angaben machen m\u00fcssen. Beim Aufruf meiner Webseite sendet der von Ihnen verwendete Webbrowser bestimmte Informationen an meinen Server. Im Einzelnen werden \u00fcber jeden Zugriff\/Abruf folgende Daten erhoben und in sogenannten Logdateien gespeichert:<\/span><\/p>\n<p style=\"padding-left: 40px; text-align: left;\"><span style=\"font-size: 14px;\">IP-Adresse des anfragenden Rechners<\/span><br \/>\n<span style=\"font-size: 14px;\">Datum und Uhrzeit des Abrufs<\/span><br \/>\n<span style=\"font-size: 14px;\">Typ und Version des Webbrowsers<\/span><br \/>\n<span style=\"font-size: 14px;\">Typ und Version des Betriebssystems<\/span><br \/>\n<span style=\"font-size: 14px;\">ggf. URL der zuvor besuchten Webseite, wenn einer Verlinkung gefolgt wurde<\/span><br \/>\n<span style=\"font-size: 14px;\">aufgerufene Seite\/Name der aufgerufenen Datei<\/span><br \/>\n<span style=\"font-size: 14px;\">Verweildauer auf den aufgerufenen Seiten.<\/span><\/p>\n<p style=\"text-align: left;\"><span style=\"font-size: 14px;\">Die Daten werden zum Zwecke der statistischen Auswertung gesammelt und nach einem Monat wieder gel\u00f6scht. Sie lassen keinen R\u00fcckschluss auf Ihre Person zu, auch eine Zusammenf\u00fchrung dieser Daten mit anderen Datenquellen erfolgt nicht. Hierin liegt auch mein berechtigtes Interesse gem\u00e4\u00df Art 6 Abs. 1 S. 1 f) DSGVO. Ich behalten mir vor, die Protokolldaten nachtr\u00e4glich zu \u00fcberpr\u00fcfen, wenn aufgrund konkreter Anhaltspunkte der berechtigte Verdacht einer rechtswidrigen Nutzung besteht. IP-Adressen speichere ich f\u00fcr einen begrenzten Zeitraum in den Logfiles, wenn dies f\u00fcr Sicherheitszwecke erforderlich ist. IP-Adressen speichere ich auch dann, wenn ich den konkreten Verdacht einer Straftat im Zusammenhang mit der Nutzung meiner Website habe. Eine Weitergabe an Dritte, zu kommerziellen oder nichtkommerziellen Zwecken, findet nicht statt.<\/span><\/p>\n<h5 style=\"text-align: left;\"><strong><span style=\"font-size: 14px;\">Kontaktformular<\/span><\/strong><\/h5>\n<p style=\"text-align: left;\"><span style=\"font-size: 14px;\">Per Kontaktformular \u00fcbermittelte Daten werden einschlie\u00dflich Ihrer Kontaktdaten gespeichert, um Ihre Anfrage zu bearbeiten oder um f\u00fcr Anschlussfragen bereitzustehen. Eine Weitergabe dieser Daten findet ohne Ihre Einwilligung nicht statt. Die Verarbeitung der in das Kontaktformular eingegebenen Daten erfolgt ausschlie\u00dflich auf Grundlage Ihrer Einwilligung (Art. 6 Abs. 1 lit. a DSGVO). Ein Widerruf Ihrer bereits erteilten Einwilligung ist jederzeit m\u00f6glich. F\u00fcr den Widerruf gen\u00fcgt eine formlose Mitteilung per E-Mail. Die Rechtm\u00e4\u00dfigkeit der bis zum Widerruf erfolgten Datenverarbeitungsvorg\u00e4nge bleibt vom Widerruf unber\u00fchrt. \u00dcber das Kontaktformular \u00fcbermittelte Daten verbleiben bei mir, bis Sie mich zur L\u00f6schung auffordern, Ihre Einwilligung zur Speicherung widerrufen oder keine Notwendigkeit der Datenspeicherung mehr besteht. Zwingende gesetzliche Bestimmungen \u2013 insbesondere Aufbewahrungsfristen \u2013 bleiben unber\u00fchrt. Die Rechtgrundlage f\u00fcr die Verarbeitung dieser Daten ist Art. 6 Abs. 1 S. 1 b) DSGVO, denn diese Daten werden ben\u00f6tigt, damit ich meine vertraglichen Pflichten Ihnen gegen\u00fcber erf\u00fcllen kann.<\/span><\/p>\n<h5 style=\"text-align: left;\"><strong><span style=\"font-size: 14px;\">Nutzung pers\u00f6nlicher Daten<\/span><\/strong><\/h5>\n<p style=\"text-align: left;\"><span style=\"font-size: 14px;\">Personenbezogene Daten werden von mir nur dann erhoben, verarbeitet und gespeichert, wenn Sie mir diese freiwillig mitteilen. Dies ist zum Beispiel dann der Fall, wenn Sie mir eine E-Mail schicken, Informationsmaterial anfordern oder mit mir anderweitig in Kontakt treten. Ich nutze Ihre pers\u00f6nlichen Daten ausschlie\u00dflich zu administrativen Zwecken und zur Kommunikation mit Ihnen und zur Bearbeitung Ihres Anliegens. In der Regel ben\u00f6tige ich Ihre Anschrift, Ihre Telefonnummer und\/oder Ihre E-Mail-Adresse, um mit Ihnen in Kontakt treten zu k\u00f6nnen.<\/span><\/p>\n<h5 style=\"text-align: left;\"><strong><span style=\"font-size: 14px;\">Cookies<\/span><\/strong><\/h5>\n<p style=\"text-align: left;\"><span style=\"font-size: 14px;\">Meine Internetseite verwendet Cookies. Mein berechtigtes Interesse an der Nutzung der Cookies gem\u00e4\u00df Art 6 Abs. 1 S. 1 f) DSGVO liegt darin, meine Webseite nutzerfreundlicher, effektiver und sicherer zu machen. Cookies sind kleine Dateien, die beim Abruf meiner Webseiten auf Ihrem Rechner in einer Datei abgelegt werden, die zu dem von Ihnen genutzten Webbrowser geh\u00f6rt. Nach Ablauf der Sitzung werden die Cookies auf meinem Server gel\u00f6scht. Rufen Sie meine Webseite erneut auf, sendet Ihr Browser zuvor ablegte Textdateien zur\u00fcck. Durch diese Informationen k\u00f6nnen beispielsweise zuvor vorgenommene Einstellungen erneut ber\u00fccksichtigt werden. Cookies richten keinen Schaden an und enthalten keine Viren. Ich bringe die in den Cookies gespeicherten Daten nicht mit anderen Daten zusammen, \u00fcber die ich einen Bezug zu Ihrer Person herstellen k\u00f6nnen. Sie k\u00f6nnen Ihren Webbrowser so einstellen, dass er Sie \u00fcber die \u00dcbertragung von Cookies informiert oder Cookies abgelehnt werden. Informationen dazu erhalten Sie \u00fcber die Hilfe-Funktion Ihres Webbrowsers (z.B. Microsoft Internet-Explorer, Edge, Firefox oder Safari). Wenn Sie Cookies in Ihrem Browser deaktivieren, kann die Funktionalit\u00e4t meiner Website eingeschr\u00e4nkt sein.<\/span><\/p>\n<h5 style=\"text-align: left;\"><strong><span style=\"font-size: 14px;\">Auskunft und \u00c4nderung Ihrer Daten<\/span><\/strong><\/h5>\n<p style=\"text-align: left;\"><span style=\"font-size: 14px;\">Sie k\u00f6nnen Auskunft \u00fcber Ihre von mir verarbeiteten personenbezogenen Daten verlangen. Auf schriftliche Anfrage informiere ich Sie \u00fcber die zu Ihrer Person gespeicherten Daten. Sollten Ihre Angaben nicht (mehr) zutreffend sein, k\u00f6nnen Sie eine Berichtigung verlangen. Sollten Ihre Daten unvollst\u00e4ndig sein, k\u00f6nnen Sie eine Vervollst\u00e4ndigung verlangen. Wenn ich Ihre Angaben an Dritte weitergegeben haben, informiere ich diese Dritten \u00fcber Ihre Berichtigung, sofern dies gesetzlich vorgeschrieben ist.<\/span><\/p>\n<h5 style=\"text-align: left;\"><strong><span style=\"font-size: 14px;\">Widerspruchsrecht \/ L\u00f6schung der personenbezogenen Daten \/ \u00a0Beschwerde<\/span><\/strong><\/h5>\n<p style=\"text-align: left;\"><span style=\"font-size: 14px;\">Der Nutzung und Verarbeitung Ihrer personenbezogenen Daten k\u00f6nnen Sie jederzeit mit Wirkung f\u00fcr die Zukunft durch formlose Mitteilung an<\/span><\/p>\n<p style=\"padding-left: 40px; text-align: left;\"><span style=\"font-size: 14px;\">Nur Mut \u2013 Visuelle Kommunikation<\/span><br \/>\n<span style=\"font-size: 14px;\">Hannes Schulze<\/span><br \/>\n<span style=\"font-size: 14px;\">Buckower Dorfstra\u00dfe 33<\/span><br \/>\n<span style=\"font-size: 14px;\">14715 Nennhausen OT Buckow<\/span><\/p>\n<p style=\"text-align: left;\"><span style=\"font-size: 14px;\">widersprechen.<\/span><\/p>\n<p style=\"text-align: left;\"><span style=\"font-size: 14px;\">Die L\u00f6schung der gespeicherten personenbezogenen Daten erfolgt, wenn Sie der Nutzung Ihrer Daten widersprechen oder der Zweck der Datenerhebung erf\u00fcllt worden ist, soweit nicht gesetzliche, beh\u00f6rdliche oder vertragliche Aufbewahrungspflichten bestehen. Bestehen solche Pflichten, werden Ihre Daten zun\u00e4chst f\u00fcr die weitere Verwendung gesperrt und nach Ablauf der Aufbewahrungsfristen gel\u00f6scht. Sie sind auch berechtigt gem. Art. 77 DSGVO, bei der zust\u00e4ndigen Datenschutzaufsichtsbeh\u00f6rde Beschwerde einzureichen.<\/span><\/p>\n<h5 style=\"text-align: left;\"><strong><span style=\"font-size: 14px;\">\u00c4nderung unserer Datenschutzbestimmungen<\/span><\/strong><\/h5>\n<p style=\"text-align: left;\"><span style=\"font-size: 14px;\">Ich behalte mir das Recht vor, meine Sicherheits- und Datenschutzma\u00dfnahmen zu ver\u00e4ndern, soweit dies wegen der technischen Entwicklung erforderlich wird. In diesen F\u00e4llen werde ich auch meine Hinweise zum Datenschutz entsprechend anpassen. Bitte beachten Sie daher die jeweils aktuelle Version meiner Datenschutzerkl\u00e4rung.<\/span><\/p>\n<p>[\/vc_column_text][\/vc_column][vc_column width=&#8220;1\/6&#8243;][\/vc_column][\/vc_row]<\/p>\n<\/section>","protected":false},"excerpt":{"rendered":"[vc_row][vc_column width=&#8220;1\/6&#8243;][\/vc_column][vc_column width=&#8220;2\/3&#8243;][vc_column_text] Verantwortlicher Verantwortlicher f\u00fcr die Erhebung, Verarbeitung und Nutzung Ihrer personenbezogenen Daten im Sinne von Art. 4 Nr. 7 DSGVO ist Nur Mut \u2013 Visuelle Kommunikation Hannes Schulze","protected":false},"author":1,"featured_media":0,"parent":0,"menu_order":0,"comment_status":"closed","ping_status":"closed","template":"","meta":{"footnotes":""},"class_list":["post-1536","page","type-page","status-publish","hentry"],"_links":{"self":[{"href":"http:\/\/design.nur-mut.com\/index.php?rest_route=\/wp\/v2\/pages\/1536","targetHints":{"allow":["GET"]}}],"collection":[{"href":"http:\/\/design.nur-mut.com\/index.php?rest_route=\/wp\/v2\/pages"}],"about":[{"href":"http:\/\/design.nur-mut.com\/index.php?rest_route=\/wp\/v2\/types\/page"}],"author":[{"embeddable":true,"href":"http:\/\/design.nur-mut.com\/index.php?rest_route=\/wp\/v2\/users\/1"}],"replies":[{"embeddable":true,"href":"http:\/\/design.nur-mut.com\/index.php?rest_route=%2Fwp%2Fv2%2Fcomments&post=1536"}],"version-history":[{"count":7,"href":"http:\/\/design.nur-mut.com\/index.php?rest_route=\/wp\/v2\/pages\/1536\/revisions"}],"predecessor-version":[{"id":2333,"href":"http:\/\/design.nur-mut.com\/index.php?rest_route=\/wp\/v2\/pages\/1536\/revisions\/2333"}],"wp:attachment":[{"href":"http:\/\/design.nur-mut.com\/index.php?rest_route=%2Fwp%2Fv2%2Fmedia&parent=1536"}],"curies":[{"name":"wp","href":"https:\/\/api.w.org\/{rel}","templated":true}]}}